{"id":132,"date":"2025-09-03T21:59:08","date_gmt":"2025-09-03T21:59:08","guid":{"rendered":"https:\/\/impulsionar.wp.targx.io\/?page_id=132"},"modified":"2025-11-26T09:52:52","modified_gmt":"2025-11-26T09:52:52","slug":"sobre","status":"publish","type":"page","link":"https:\/\/impulsionar.wp.targx.io\/en\/sobre\/","title":{"rendered":"sobre"},"content":{"rendered":"<div data-elementor-type=\"wp-page\" data-elementor-id=\"132\" class=\"elementor elementor-132\" data-elementor-post-type=\"page\">\n\t\t\t\t<div class=\"elementor-element elementor-element-4848e2c e-flex e-con-boxed e-con e-child\" data-id=\"4848e2c\" data-element_type=\"container\" data-settings=\"{&quot;jet_parallax_layout_list&quot;:[]}\">\n\t\t\t\t\t<div class=\"e-con-inner\">\n\t\t<div class=\"elementor-element elementor-element-822d8dd e-con-full e-flex e-con e-child\" data-id=\"822d8dd\" data-element_type=\"container\" data-settings=\"{&quot;jet_parallax_layout_list&quot;:[]}\">\n\t\t<div class=\"elementor-element elementor-element-9788cab e-con-full e-flex e-con e-child\" data-id=\"9788cab\" data-element_type=\"container\" data-settings=\"{&quot;jet_parallax_layout_list&quot;:[]}\">\n\t\t\t\t<div class=\"elementor-element elementor-element-e40c75e elementor-widget elementor-widget-heading\" data-id=\"e40c75e\" data-element_type=\"widget\" data-widget_type=\"heading.default\">\n\t\t\t\t\t<div class=\"elementor-heading-title elementor-size-default\">A NOSSA FILOSOFIA<\/div>\t\t\t\t<\/div>\n\t\t\t\t<div class=\"elementor-element elementor-element-f66357e elementor-widget__width-initial elementor-widget elementor-widget-heading\" data-id=\"f66357e\" data-element_type=\"widget\" data-widget_type=\"heading.default\">\n\t\t\t\t\t<h2 class=\"elementor-heading-title elementor-size-default\">PERFORMANCE \u00c9 UM COMPROMISSO.<\/h2>\t\t\t\t<\/div>\n\t\t\t\t<div class=\"elementor-element elementor-element-992d6ee elementor-widget elementor-widget-heading\" data-id=\"992d6ee\" data-element_type=\"widget\" data-widget_type=\"heading.default\">\n\t\t\t\t\t<div class=\"elementor-heading-title elementor-size-default\">Acreditamos que crescer \u00e9 poss\u00edvel quando h\u00e1 foco, m\u00e9todo e coragem para dizer o que precisa de ser dito. N\u00e3o executamos planos vazios. Diagnosticamos, propomos, constru\u00edmos. Medimos. Corrigimos. E celebramos quando h\u00e1 impacto real.<\/div>\t\t\t\t<\/div>\n\t\t\t\t<\/div>\n\t\t\t\t<div class=\"elementor-element elementor-element-f83a4a3 elementor-widget elementor-widget-heading\" data-id=\"f83a4a3\" data-element_type=\"widget\" data-widget_type=\"heading.default\">\n\t\t\t\t\t<h3 class=\"elementor-heading-title elementor-size-default\">A performance n\u00e3o \u00e9 um resultado final, \u00e9 a forma como trabalhamos desde o in\u00edcio.<\/h3>\t\t\t\t<\/div>\n\t\t\t\t<\/div>\n\t\t<div class=\"elementor-element elementor-element-1df8eee e-con-full e-flex e-con e-child\" data-id=\"1df8eee\" data-element_type=\"container\" data-settings=\"{&quot;jet_parallax_layout_list&quot;:[]}\">\n\t\t\t\t<div class=\"elementor-element elementor-element-750b9fe elementor-widget elementor-widget-image\" data-id=\"750b9fe\" data-element_type=\"widget\" data-widget_type=\"image.default\">\n\t\t\t\t\t\t\t\t\t\t\t\t\t\t\t<img fetchpriority=\"high\" decoding=\"async\" width=\"672\" height=\"672\" src=\"https:\/\/impulsionar.wp.targx.io\/wp-content\/uploads\/2025\/11\/about_001.png\" class=\"attachment-full size-full wp-image-512\" alt=\"\" srcset=\"https:\/\/impulsionar.wp.targx.io\/wp-content\/uploads\/2025\/11\/about_001.png 672w, https:\/\/impulsionar.wp.targx.io\/wp-content\/uploads\/2025\/11\/about_001-300x300.png 300w, https:\/\/impulsionar.wp.targx.io\/wp-content\/uploads\/2025\/11\/about_001-150x150.png 150w, https:\/\/impulsionar.wp.targx.io\/wp-content\/uploads\/2025\/11\/about_001-12x12.png 12w\" sizes=\"(max-width: 672px) 100vw, 672px\" \/>\t\t\t\t\t\t\t\t\t\t\t\t\t\t\t<\/div>\n\t\t\t\t<\/div>\n\t\t\t\t\t<\/div>\n\t\t\t\t<\/div>\n\t\t<div class=\"elementor-element elementor-element-f6990fa e-flex e-con-boxed e-con e-parent\" data-id=\"f6990fa\" data-element_type=\"container\" data-settings=\"{&quot;jet_parallax_layout_list&quot;:[]}\">\n\t\t\t\t\t<div class=\"e-con-inner\">\n\t\t\t\t<div class=\"elementor-element elementor-element-304354e elementor-widget-divider--view-line elementor-widget elementor-widget-divider\" data-id=\"304354e\" data-element_type=\"widget\" data-widget_type=\"divider.default\">\n\t\t\t\t\t\t\t<div class=\"elementor-divider\">\n\t\t\t<span class=\"elementor-divider-separator\">\n\t\t\t\t\t\t<\/span>\n\t\t<\/div>\n\t\t\t\t\t\t<\/div>\n\t\t<div class=\"elementor-element elementor-element-cbebdb7 e-grid e-con-full e-con e-child\" data-id=\"cbebdb7\" data-element_type=\"container\" data-settings=\"{&quot;jet_parallax_layout_list&quot;:[]}\">\n\t\t<div class=\"elementor-element elementor-element-826ec90 e-con-full e-flex e-con e-child\" data-id=\"826ec90\" data-element_type=\"container\" data-settings=\"{&quot;jet_parallax_layout_list&quot;:[]}\">\n\t\t\t\t<div class=\"elementor-element elementor-element-4248b9a elementor-widget elementor-widget-image\" data-id=\"4248b9a\" data-element_type=\"widget\" data-widget_type=\"image.default\">\n\t\t\t\t\t\t\t\t\t\t\t\t\t\t\t<img decoding=\"async\" width=\"80\" height=\"80\" src=\"https:\/\/impulsionar.wp.targx.io\/wp-content\/uploads\/2025\/11\/about_005.png\" class=\"attachment-large size-large wp-image-537\" alt=\"\" srcset=\"https:\/\/impulsionar.wp.targx.io\/wp-content\/uploads\/2025\/11\/about_005.png 80w, https:\/\/impulsionar.wp.targx.io\/wp-content\/uploads\/2025\/11\/about_005-12x12.png 12w\" sizes=\"(max-width: 80px) 100vw, 80px\" \/>\t\t\t\t\t\t\t\t\t\t\t\t\t\t\t<\/div>\n\t\t\t\t<div class=\"elementor-element elementor-element-73fa9dc elementor-widget elementor-widget-counter\" data-id=\"73fa9dc\" data-element_type=\"widget\" data-widget_type=\"counter.default\">\n\t\t\t\t\t\t\t<div class=\"elementor-counter\">\n\t\t\t<div class=\"elementor-counter-title\">clientes satisfeitos<\/div>\t\t\t<div class=\"elementor-counter-number-wrapper\">\n\t\t\t\t<span class=\"elementor-counter-number-prefix\"><\/span>\n\t\t\t\t<span class=\"elementor-counter-number\" data-duration=\"2000\" data-to-value=\"26\" data-from-value=\"0\" data-delimiter=\",\">0<\/span>\n\t\t\t\t<span class=\"elementor-counter-number-suffix\"><\/span>\n\t\t\t<\/div>\n\t\t<\/div>\n\t\t\t\t\t\t<\/div>\n\t\t\t\t<\/div>\n\t\t<div class=\"elementor-element elementor-element-6aeddca e-con-full e-flex e-con e-child\" data-id=\"6aeddca\" data-element_type=\"container\" data-settings=\"{&quot;jet_parallax_layout_list&quot;:[]}\">\n\t\t\t\t<div class=\"elementor-element elementor-element-73a4f2b elementor-widget elementor-widget-image\" data-id=\"73a4f2b\" data-element_type=\"widget\" data-widget_type=\"image.default\">\n\t\t\t\t\t\t\t\t\t\t\t\t\t\t\t<img decoding=\"async\" width=\"80\" height=\"80\" src=\"https:\/\/impulsionar.wp.targx.io\/wp-content\/uploads\/2025\/11\/folder-move-to-1.png\" class=\"attachment-large size-large wp-image-536\" alt=\"\" srcset=\"https:\/\/impulsionar.wp.targx.io\/wp-content\/uploads\/2025\/11\/folder-move-to-1.png 80w, https:\/\/impulsionar.wp.targx.io\/wp-content\/uploads\/2025\/11\/folder-move-to-1-12x12.png 12w\" sizes=\"(max-width: 80px) 100vw, 80px\" \/>\t\t\t\t\t\t\t\t\t\t\t\t\t\t\t<\/div>\n\t\t\t\t<div class=\"elementor-element elementor-element-9301dd1 elementor-widget elementor-widget-counter\" data-id=\"9301dd1\" data-element_type=\"widget\" data-widget_type=\"counter.default\">\n\t\t\t\t\t\t\t<div class=\"elementor-counter\">\n\t\t\t<div class=\"elementor-counter-title\">projectos entregues<\/div>\t\t\t<div class=\"elementor-counter-number-wrapper\">\n\t\t\t\t<span class=\"elementor-counter-number-prefix\">+<\/span>\n\t\t\t\t<span class=\"elementor-counter-number\" data-duration=\"2000\" data-to-value=\"40\" data-from-value=\"0\" data-delimiter=\",\">0<\/span>\n\t\t\t\t<span class=\"elementor-counter-number-suffix\"><\/span>\n\t\t\t<\/div>\n\t\t<\/div>\n\t\t\t\t\t\t<\/div>\n\t\t\t\t<\/div>\n\t\t<div class=\"elementor-element elementor-element-82759a8 e-con-full e-flex e-con e-child\" data-id=\"82759a8\" data-element_type=\"container\" data-settings=\"{&quot;jet_parallax_layout_list&quot;:[]}\">\n\t\t\t\t<div class=\"elementor-element elementor-element-249e0de elementor-widget elementor-widget-image\" data-id=\"249e0de\" data-element_type=\"widget\" data-widget_type=\"image.default\">\n\t\t\t\t\t\t\t\t\t\t\t\t\t\t\t<img loading=\"lazy\" decoding=\"async\" width=\"80\" height=\"80\" src=\"https:\/\/impulsionar.wp.targx.io\/wp-content\/uploads\/2025\/11\/badge_1.png\" class=\"attachment-large size-large wp-image-535\" alt=\"\" srcset=\"https:\/\/impulsionar.wp.targx.io\/wp-content\/uploads\/2025\/11\/badge_1.png 80w, https:\/\/impulsionar.wp.targx.io\/wp-content\/uploads\/2025\/11\/badge_1-12x12.png 12w\" sizes=\"(max-width: 80px) 100vw, 80px\" \/>\t\t\t\t\t\t\t\t\t\t\t\t\t\t\t<\/div>\n\t\t\t\t<div class=\"elementor-element elementor-element-37ddd92 elementor-widget elementor-widget-counter\" data-id=\"37ddd92\" data-element_type=\"widget\" data-widget_type=\"counter.default\">\n\t\t\t\t\t\t\t<div class=\"elementor-counter\">\n\t\t\t<div class=\"elementor-counter-title\">anos de experi\u00eancia<\/div>\t\t\t<div class=\"elementor-counter-number-wrapper\">\n\t\t\t\t<span class=\"elementor-counter-number-prefix\">+<\/span>\n\t\t\t\t<span class=\"elementor-counter-number\" data-duration=\"2000\" data-to-value=\"10\" data-from-value=\"0\" data-delimiter=\",\">0<\/span>\n\t\t\t\t<span class=\"elementor-counter-number-suffix\"><\/span>\n\t\t\t<\/div>\n\t\t<\/div>\n\t\t\t\t\t\t<\/div>\n\t\t\t\t<\/div>\n\t\t\t\t<\/div>\n\t\t\t\t\t<\/div>\n\t\t\t\t<\/div>\n\t\t<div class=\"elementor-element elementor-element-67e2236 e-con-full e-flex e-con e-parent\" data-id=\"67e2236\" data-element_type=\"container\" data-settings=\"{&quot;background_background&quot;:&quot;classic&quot;,&quot;jet_parallax_layout_list&quot;:[]}\">\n\t\t<div class=\"elementor-element elementor-element-ab88e17 e-flex e-con-boxed e-con e-child\" data-id=\"ab88e17\" data-element_type=\"container\" data-settings=\"{&quot;jet_parallax_layout_list&quot;:[]}\">\n\t\t\t\t\t<div class=\"e-con-inner\">\n\t\t<div class=\"elementor-element elementor-element-0ec2cf8 e-con-full e-flex e-con e-child\" data-id=\"0ec2cf8\" data-element_type=\"container\" data-settings=\"{&quot;jet_parallax_layout_list&quot;:[]}\">\n\t\t\t\t<div class=\"elementor-element elementor-element-4b76e9d elementor-widget elementor-widget-heading\" data-id=\"4b76e9d\" data-element_type=\"widget\" data-widget_type=\"heading.default\">\n\t\t\t\t\t<div class=\"elementor-heading-title elementor-size-default\">COMO TRABALHAMOS<\/div>\t\t\t\t<\/div>\n\t\t\t\t<div class=\"elementor-element elementor-element-af8443d elementor-widget__width-initial elementor-widget elementor-widget-heading\" data-id=\"af8443d\" data-element_type=\"widget\" data-widget_type=\"heading.default\">\n\t\t\t\t\t<h2 class=\"elementor-heading-title elementor-size-default\">PROXIMIDADE E EXIG\u00caNCIA, SEMPRE.<\/h2>\t\t\t\t<\/div>\n\t\t\t\t<\/div>\n\t\t\t\t\t<\/div>\n\t\t\t\t<\/div>\n\t\t<div class=\"elementor-element elementor-element-bb260ba e-flex e-con-boxed e-con e-child\" data-id=\"bb260ba\" data-element_type=\"container\" data-settings=\"{&quot;jet_parallax_layout_list&quot;:[]}\">\n\t\t\t\t\t<div class=\"e-con-inner\">\n\t\t<div class=\"elementor-element elementor-element-843562b e-grid e-con-boxed e-con e-child\" data-id=\"843562b\" data-element_type=\"container\" data-settings=\"{&quot;jet_parallax_layout_list&quot;:[]}\">\n\t\t\t\t\t<div class=\"e-con-inner\">\n\t\t<div class=\"elementor-element elementor-element-9772ba2 e-con-full e-flex e-con e-child\" data-id=\"9772ba2\" data-element_type=\"container\" data-settings=\"{&quot;jet_parallax_layout_list&quot;:[]}\">\n\t\t\t\t<div class=\"elementor-element elementor-element-9d8a811 elementor-widget elementor-widget-image\" data-id=\"9d8a811\" data-element_type=\"widget\" data-widget_type=\"image.default\">\n\t\t\t\t\t\t\t\t\t\t\t\t\t\t\t<img loading=\"lazy\" decoding=\"async\" width=\"131\" height=\"130\" src=\"https:\/\/impulsionar.wp.targx.io\/wp-content\/uploads\/2025\/11\/diag_001.png\" class=\"attachment-full size-full wp-image-219\" alt=\"\" srcset=\"https:\/\/impulsionar.wp.targx.io\/wp-content\/uploads\/2025\/11\/diag_001.png 131w, https:\/\/impulsionar.wp.targx.io\/wp-content\/uploads\/2025\/11\/diag_001-12x12.png 12w\" sizes=\"(max-width: 131px) 100vw, 131px\" \/>\t\t\t\t\t\t\t\t\t\t\t\t\t\t\t<\/div>\n\t\t\t\t<div class=\"elementor-element elementor-element-8491691 elementor-widget elementor-widget-heading\" data-id=\"8491691\" data-element_type=\"widget\" data-widget_type=\"heading.default\">\n\t\t\t\t\t<div class=\"elementor-heading-title elementor-size-default\">1. Diagn\u00f3stico antes da solu\u00e7\u00e3o<\/div>\t\t\t\t<\/div>\n\t\t\t\t<div class=\"elementor-element elementor-element-d562a59 elementor-widget elementor-widget-heading\" data-id=\"d562a59\" data-element_type=\"widget\" data-widget_type=\"heading.default\">\n\t\t\t\t\t<div class=\"elementor-heading-title elementor-size-default\">Identificamos o problema antes de propor qualquer coisa.<\/div>\t\t\t\t<\/div>\n\t\t\t\t<\/div>\n\t\t<div class=\"elementor-element elementor-element-1803f49 e-con-full e-flex e-con e-child\" data-id=\"1803f49\" data-element_type=\"container\" data-settings=\"{&quot;jet_parallax_layout_list&quot;:[]}\">\n\t\t\t\t<div class=\"elementor-element elementor-element-1ca8f7a elementor-widget elementor-widget-image\" data-id=\"1ca8f7a\" data-element_type=\"widget\" data-widget_type=\"image.default\">\n\t\t\t\t\t\t\t\t\t\t\t\t\t\t\t<img loading=\"lazy\" decoding=\"async\" width=\"131\" height=\"130\" src=\"https:\/\/impulsionar.wp.targx.io\/wp-content\/uploads\/2025\/11\/about_002.png\" class=\"attachment-full size-full wp-image-516\" alt=\"\" srcset=\"https:\/\/impulsionar.wp.targx.io\/wp-content\/uploads\/2025\/11\/about_002.png 131w, https:\/\/impulsionar.wp.targx.io\/wp-content\/uploads\/2025\/11\/about_002-12x12.png 12w\" sizes=\"(max-width: 131px) 100vw, 131px\" \/>\t\t\t\t\t\t\t\t\t\t\t\t\t\t\t<\/div>\n\t\t\t\t<div class=\"elementor-element elementor-element-810b9c3 elementor-widget elementor-widget-heading\" data-id=\"810b9c3\" data-element_type=\"widget\" data-widget_type=\"heading.default\">\n\t\t\t\t\t<div class=\"elementor-heading-title elementor-size-default\">2. Acompanhamento real<\/div>\t\t\t\t<\/div>\n\t\t\t\t<div class=\"elementor-element elementor-element-a49e5f4 elementor-widget elementor-widget-heading\" data-id=\"a49e5f4\" data-element_type=\"widget\" data-widget_type=\"heading.default\">\n\t\t\t\t\t<div class=\"elementor-heading-title elementor-size-default\">N\u00e3o desaparecemos ap\u00f3s a entrega. Monitorizamos e ajustamos com base em dados.<\/div>\t\t\t\t<\/div>\n\t\t\t\t<\/div>\n\t\t<div class=\"elementor-element elementor-element-611d968 e-con-full e-flex e-con e-child\" data-id=\"611d968\" data-element_type=\"container\" data-settings=\"{&quot;jet_parallax_layout_list&quot;:[]}\">\n\t\t\t\t<div class=\"elementor-element elementor-element-f34b646 elementor-widget elementor-widget-image\" data-id=\"f34b646\" data-element_type=\"widget\" data-widget_type=\"image.default\">\n\t\t\t\t\t\t\t\t\t\t\t\t\t\t\t<img loading=\"lazy\" decoding=\"async\" width=\"131\" height=\"130\" src=\"https:\/\/impulsionar.wp.targx.io\/wp-content\/uploads\/2025\/11\/about_003.png\" class=\"attachment-full size-full wp-image-515\" alt=\"\" srcset=\"https:\/\/impulsionar.wp.targx.io\/wp-content\/uploads\/2025\/11\/about_003.png 131w, https:\/\/impulsionar.wp.targx.io\/wp-content\/uploads\/2025\/11\/about_003-12x12.png 12w\" sizes=\"(max-width: 131px) 100vw, 131px\" \/>\t\t\t\t\t\t\t\t\t\t\t\t\t\t\t<\/div>\n\t\t\t\t<div class=\"elementor-element elementor-element-7c7963d elementor-widget elementor-widget-heading\" data-id=\"7c7963d\" data-element_type=\"widget\" data-widget_type=\"heading.default\">\n\t\t\t\t\t<div class=\"elementor-heading-title elementor-size-default\">3. Alinhamento total<\/div>\t\t\t\t<\/div>\n\t\t\t\t<div class=\"elementor-element elementor-element-fc6fb6e elementor-widget elementor-widget-heading\" data-id=\"fc6fb6e\" data-element_type=\"widget\" data-widget_type=\"heading.default\">\n\t\t\t\t\t<div class=\"elementor-heading-title elementor-size-default\">Trabalhamos com os nossos clientes. Proximidade n\u00e3o \u00e9 um valor de marketing, \u00e9 a nossa forma de fazer.<\/div>\t\t\t\t<\/div>\n\t\t\t\t<\/div>\n\t\t<div class=\"elementor-element elementor-element-c08c4e8 e-con-full e-flex e-con e-child\" data-id=\"c08c4e8\" data-element_type=\"container\" data-settings=\"{&quot;jet_parallax_layout_list&quot;:[]}\">\n\t\t\t\t<div class=\"elementor-element elementor-element-a3714b3 elementor-widget elementor-widget-image\" data-id=\"a3714b3\" data-element_type=\"widget\" data-widget_type=\"image.default\">\n\t\t\t\t\t\t\t\t\t\t\t\t\t\t\t<img loading=\"lazy\" decoding=\"async\" width=\"131\" height=\"130\" src=\"https:\/\/impulsionar.wp.targx.io\/wp-content\/uploads\/2025\/11\/about_004.png\" class=\"attachment-full size-full wp-image-514\" alt=\"\" srcset=\"https:\/\/impulsionar.wp.targx.io\/wp-content\/uploads\/2025\/11\/about_004.png 131w, https:\/\/impulsionar.wp.targx.io\/wp-content\/uploads\/2025\/11\/about_004-12x12.png 12w\" sizes=\"(max-width: 131px) 100vw, 131px\" \/>\t\t\t\t\t\t\t\t\t\t\t\t\t\t\t<\/div>\n\t\t\t\t<div class=\"elementor-element elementor-element-a588b18 elementor-widget elementor-widget-heading\" data-id=\"a588b18\" data-element_type=\"widget\" data-widget_type=\"heading.default\">\n\t\t\t\t\t<div class=\"elementor-heading-title elementor-size-default\">4. Tudo ao servi\u00e7o da Performance<\/div>\t\t\t\t<\/div>\n\t\t\t\t<div class=\"elementor-element elementor-element-59edbeb elementor-widget elementor-widget-heading\" data-id=\"59edbeb\" data-element_type=\"widget\" data-widget_type=\"heading.default\">\n\t\t\t\t\t<div class=\"elementor-heading-title elementor-size-default\">Tudo o que fazemos \u00e9 funcional e com inten\u00e7\u00e3o.<\/div>\t\t\t\t<\/div>\n\t\t\t\t<\/div>\n\t\t\t\t\t<\/div>\n\t\t\t\t<\/div>\n\t\t\t\t\t<\/div>\n\t\t\t\t<\/div>\n\t\t\t\t<\/div>\n\t\t<div class=\"elementor-element elementor-element-471f818 e-con-full e-flex e-con e-child\" data-id=\"471f818\" data-element_type=\"container\" data-settings=\"{&quot;background_background&quot;:&quot;classic&quot;,&quot;jet_parallax_layout_list&quot;:[]}\">\n\t\t<div class=\"elementor-element elementor-element-7e43d28 e-flex e-con-boxed e-con e-child\" data-id=\"7e43d28\" data-element_type=\"container\" data-settings=\"{&quot;jet_parallax_layout_list&quot;:[]}\">\n\t\t\t\t\t<div class=\"e-con-inner\">\n\t\t\t\t<div class=\"elementor-element elementor-element-546bfad elementor-widget__width-initial elementor-widget elementor-widget-heading\" data-id=\"546bfad\" data-element_type=\"widget\" data-widget_type=\"heading.default\">\n\t\t\t\t\t<div class=\"elementor-heading-title elementor-size-default\">A Impulsionar \u00e9 feita por estrategas, designers, developers, analistas e storytellers que gostam de ver coisas a acontecer. O nosso foco \u00e9 comum: fazer com que os nossos clientes cres\u00e7am com consist\u00eancia.<\/div>\t\t\t\t<\/div>\n\t\t\t\t\t<\/div>\n\t\t\t\t<\/div>\n\t\t<div class=\"elementor-element elementor-element-c0acd7d elementor-hidden-desktop elementor-hidden-tablet elementor-hidden-mobile e-flex e-con-boxed e-con e-child\" data-id=\"c0acd7d\" data-element_type=\"container\" data-settings=\"{&quot;jet_parallax_layout_list&quot;:[]}\">\n\t\t\t\t\t<div class=\"e-con-inner\">\n\t\t\t\t<div class=\"elementor-element elementor-element-2dc9b57 elementor-widget elementor-widget-text-editor\" data-id=\"2dc9b57\" data-element_type=\"widget\" data-widget_type=\"text-editor.default\">\n\t\t\t\t\t\t\t\t\t<p>FALTA COMPONENTE EQUIPA<\/p>\t\t\t\t\t\t\t\t<\/div>\n\t\t\t\t\t<\/div>\n\t\t\t\t<\/div>\n\t\t\t\t<\/div>\n\t\t<div class=\"elementor-element elementor-element-9bccad9 e-con-full e-flex e-con e-parent\" data-id=\"9bccad9\" data-element_type=\"container\" data-settings=\"{&quot;background_background&quot;:&quot;classic&quot;,&quot;jet_parallax_layout_list&quot;:[]}\">\n\t\t<div class=\"elementor-element elementor-element-70be1b2 e-flex e-con-boxed e-con e-child\" data-id=\"70be1b2\" data-element_type=\"container\" data-settings=\"{&quot;jet_parallax_layout_list&quot;:[]}\">\n\t\t\t\t\t<div class=\"e-con-inner\">\n\t\t<div class=\"elementor-element elementor-element-6152fb1 e-con-full e-flex e-con e-child\" data-id=\"6152fb1\" data-element_type=\"container\" data-settings=\"{&quot;jet_parallax_layout_list&quot;:[]}\">\n\t\t<div class=\"elementor-element elementor-element-57a6028 e-con-full e-flex e-con e-child\" data-id=\"57a6028\" data-element_type=\"container\" data-settings=\"{&quot;jet_parallax_layout_list&quot;:[]}\">\n\t\t\t\t<div class=\"elementor-element elementor-element-dfb8090 elementor-widget elementor-widget-heading\" data-id=\"dfb8090\" data-element_type=\"widget\" data-widget_type=\"heading.default\">\n\t\t\t\t\t<div class=\"elementor-heading-title elementor-size-default\">OS NOSSOS VALORES<\/div>\t\t\t\t<\/div>\n\t\t\t\t<div class=\"elementor-element elementor-element-a6cbcd2 elementor-widget__width-initial elementor-widget elementor-widget-heading\" data-id=\"a6cbcd2\" data-element_type=\"widget\" data-widget_type=\"heading.default\">\n\t\t\t\t\t<h2 class=\"elementor-heading-title elementor-size-default\"><span>Resultados<\/span> S\u00c3O \no nosso ponto \nde partida.<\/h2>\t\t\t\t<\/div>\n\t\t\t\t<\/div>\n\t\t\t\t<\/div>\n\t\t<div class=\"elementor-element elementor-element-1d44c64 e-con-full e-flex e-con e-child\" data-id=\"1d44c64\" data-element_type=\"container\" data-settings=\"{&quot;jet_parallax_layout_list&quot;:[]}\">\n\t\t\t\t<div class=\"elementor-element elementor-element-31082b3 elementor-align-left elementor-widget__width-inherit elementor-icon-list--layout-traditional elementor-list-item-link-full_width elementor-widget elementor-widget-icon-list\" data-id=\"31082b3\" data-element_type=\"widget\" data-widget_type=\"icon-list.default\">\n\t\t\t\t\t\t\t<ul class=\"elementor-icon-list-items\">\n\t\t\t\t\t\t\t<li class=\"elementor-icon-list-item\">\n\t\t\t\t\t\t\t\t\t\t\t<span class=\"elementor-icon-list-icon\">\n\t\t\t\t\t\t\t<svg xmlns=\"http:\/\/www.w3.org\/2000\/svg\" width=\"40\" height=\"40\" viewbox=\"0 0 40 40\" fill=\"none\"><g clip-path=\"url(#clip0_278_445)\"><path d=\"M12.5 7.5V10H28.2375L7.5 30.7375L9.2625 32.5L30 11.7625V27.5H32.5V7.5H12.5Z\" fill=\"#FF5E2B\"><\/path><\/g><defs><clippath id=\"clip0_278_445\"><rect width=\"40\" height=\"40\" fill=\"white\"><\/rect><\/clippath><\/defs><\/svg>\t\t\t\t\t\t<\/span>\n\t\t\t\t\t\t\t\t\t\t<span class=\"elementor-icon-list-text\">Fazer bem \u00e9 mais importante do que fazer bonito.<\/span>\n\t\t\t\t\t\t\t\t\t<\/li>\n\t\t\t\t\t\t\t\t<li class=\"elementor-icon-list-item\">\n\t\t\t\t\t\t\t\t\t\t\t<span class=\"elementor-icon-list-icon\">\n\t\t\t\t\t\t\t<svg xmlns=\"http:\/\/www.w3.org\/2000\/svg\" width=\"40\" height=\"40\" viewbox=\"0 0 40 40\" fill=\"none\"><g clip-path=\"url(#clip0_278_445)\"><path d=\"M12.5 7.5V10H28.2375L7.5 30.7375L9.2625 32.5L30 11.7625V27.5H32.5V7.5H12.5Z\" fill=\"#FF5E2B\"><\/path><\/g><defs><clippath id=\"clip0_278_445\"><rect width=\"40\" height=\"40\" fill=\"white\"><\/rect><\/clippath><\/defs><\/svg>\t\t\t\t\t\t<\/span>\n\t\t\t\t\t\t\t\t\t\t<span class=\"elementor-icon-list-text\">O que n\u00e3o se mede, n\u00e3o se melhora.<\/span>\n\t\t\t\t\t\t\t\t\t<\/li>\n\t\t\t\t\t\t\t\t<li class=\"elementor-icon-list-item\">\n\t\t\t\t\t\t\t\t\t\t\t<span class=\"elementor-icon-list-icon\">\n\t\t\t\t\t\t\t<svg xmlns=\"http:\/\/www.w3.org\/2000\/svg\" width=\"40\" height=\"40\" viewbox=\"0 0 40 40\" fill=\"none\"><g clip-path=\"url(#clip0_278_445)\"><path d=\"M12.5 7.5V10H28.2375L7.5 30.7375L9.2625 32.5L30 11.7625V27.5H32.5V7.5H12.5Z\" fill=\"#FF5E2B\"><\/path><\/g><defs><clippath id=\"clip0_278_445\"><rect width=\"40\" height=\"40\" fill=\"white\"><\/rect><\/clippath><\/defs><\/svg>\t\t\t\t\t\t<\/span>\n\t\t\t\t\t\t\t\t\t\t<span class=\"elementor-icon-list-text\">Trabalhar com pessoas que queremos ver crescer.<\/span>\n\t\t\t\t\t\t\t\t\t<\/li>\n\t\t\t\t\t\t\t\t<li class=\"elementor-icon-list-item\">\n\t\t\t\t\t\t\t\t\t\t\t<span class=\"elementor-icon-list-icon\">\n\t\t\t\t\t\t\t<svg xmlns=\"http:\/\/www.w3.org\/2000\/svg\" width=\"40\" height=\"40\" viewbox=\"0 0 40 40\" fill=\"none\"><g clip-path=\"url(#clip0_278_445)\"><path d=\"M12.5 7.5V10H28.2375L7.5 30.7375L9.2625 32.5L30 11.7625V27.5H32.5V7.5H12.5Z\" fill=\"#FF5E2B\"><\/path><\/g><defs><clippath id=\"clip0_278_445\"><rect width=\"40\" height=\"40\" fill=\"white\"><\/rect><\/clippath><\/defs><\/svg>\t\t\t\t\t\t<\/span>\n\t\t\t\t\t\t\t\t\t\t<span class=\"elementor-icon-list-text\">Confian\u00e7a constr\u00f3i-se em cada entrega.<\/span>\n\t\t\t\t\t\t\t\t\t<\/li>\n\t\t\t\t\t\t\t\t<li class=\"elementor-icon-list-item\">\n\t\t\t\t\t\t\t\t\t\t\t<span class=\"elementor-icon-list-icon\">\n\t\t\t\t\t\t\t<svg xmlns=\"http:\/\/www.w3.org\/2000\/svg\" width=\"40\" height=\"40\" viewbox=\"0 0 40 40\" fill=\"none\"><g clip-path=\"url(#clip0_278_445)\"><path d=\"M12.5 7.5V10H28.2375L7.5 30.7375L9.2625 32.5L30 11.7625V27.5H32.5V7.5H12.5Z\" fill=\"#FF5E2B\"><\/path><\/g><defs><clippath id=\"clip0_278_445\"><rect width=\"40\" height=\"40\" fill=\"white\"><\/rect><\/clippath><\/defs><\/svg>\t\t\t\t\t\t<\/span>\n\t\t\t\t\t\t\t\t\t\t<span class=\"elementor-icon-list-text\">Performance n\u00e3o \u00e9 um produto. \u00c9 um processo.<\/span>\n\t\t\t\t\t\t\t\t\t<\/li>\n\t\t\t\t\t\t<\/ul>\n\t\t\t\t\t\t<\/div>\n\t\t\t\t<\/div>\n\t\t\t\t\t<\/div>\n\t\t\t\t<\/div>\n\t\t\t\t<\/div>\n\t\t\t\t<\/div>","protected":false},"excerpt":{"rendered":"<p>A NOSSA FILOSOFIA PERFORMANCE \u00c9 UM COMPROMISSO. Acreditamos que crescer \u00e9 poss\u00edvel quando h\u00e1 foco, m\u00e9todo e coragem para dizer o que precisa de ser dito. N\u00e3o executamos planos vazios. Diagnosticamos, propomos, constru\u00edmos. Medimos. Corrigimos. E celebramos quando h\u00e1 impacto real. A performance n\u00e3o \u00e9 um resultado final, \u00e9 a forma como trabalhamos desde o [&hellip;]<\/p>","protected":false},"author":1,"featured_media":0,"parent":0,"menu_order":0,"comment_status":"closed","ping_status":"closed","template":"elementor_theme","meta":{"footnotes":""},"class_list":["post-132","page","type-page","status-publish","hentry"],"_links":{"self":[{"href":"https:\/\/impulsionar.wp.targx.io\/en\/wp-json\/wp\/v2\/pages\/132","targetHints":{"allow":["GET"]}}],"collection":[{"href":"https:\/\/impulsionar.wp.targx.io\/en\/wp-json\/wp\/v2\/pages"}],"about":[{"href":"https:\/\/impulsionar.wp.targx.io\/en\/wp-json\/wp\/v2\/types\/page"}],"author":[{"embeddable":true,"href":"https:\/\/impulsionar.wp.targx.io\/en\/wp-json\/wp\/v2\/users\/1"}],"replies":[{"embeddable":true,"href":"https:\/\/impulsionar.wp.targx.io\/en\/wp-json\/wp\/v2\/comments?post=132"}],"version-history":[{"count":43,"href":"https:\/\/impulsionar.wp.targx.io\/en\/wp-json\/wp\/v2\/pages\/132\/revisions"}],"predecessor-version":[{"id":1071,"href":"https:\/\/impulsionar.wp.targx.io\/en\/wp-json\/wp\/v2\/pages\/132\/revisions\/1071"}],"wp:attachment":[{"href":"https:\/\/impulsionar.wp.targx.io\/en\/wp-json\/wp\/v2\/media?parent=132"}],"curies":[{"name":"wp","href":"https:\/\/api.w.org\/{rel}","templated":true}]}}