{"id":140,"date":"2025-09-03T21:59:50","date_gmt":"2025-09-03T21:59:50","guid":{"rendered":"https:\/\/impulsionar.wp.targx.io\/?page_id=140"},"modified":"2025-11-26T09:51:13","modified_gmt":"2025-11-26T09:51:13","slug":"conteudos","status":"publish","type":"page","link":"https:\/\/impulsionar.wp.targx.io\/en\/conteudos\/","title":{"rendered":"conte\u00fados"},"content":{"rendered":"<div data-elementor-type=\"wp-page\" data-elementor-id=\"140\" class=\"elementor elementor-140\" data-elementor-post-type=\"page\">\n\t\t\t\t<div class=\"elementor-element elementor-element-8695d48 e-con-full e-flex e-con e-parent\" data-id=\"8695d48\" data-element_type=\"container\" data-settings=\"{&quot;background_background&quot;:&quot;classic&quot;,&quot;jet_parallax_layout_list&quot;:[]}\">\n\t\t<div class=\"elementor-element elementor-element-2893aa8 e-flex e-con-boxed e-con e-child\" data-id=\"2893aa8\" data-element_type=\"container\" data-settings=\"{&quot;jet_parallax_layout_list&quot;:[]}\">\n\t\t\t\t\t<div class=\"e-con-inner\">\n\t\t<div class=\"elementor-element elementor-element-2645e98 e-con-full e-flex e-con e-child\" data-id=\"2645e98\" data-element_type=\"container\" data-settings=\"{&quot;jet_parallax_layout_list&quot;:[]}\">\n\t\t\t\t<div class=\"elementor-element elementor-element-c797be5 elementor-widget elementor-widget-heading\" data-id=\"c797be5\" data-element_type=\"widget\" data-widget_type=\"heading.default\">\n\t\t\t\t\t<div class=\"elementor-heading-title elementor-size-default\">PORQU\u00ca CONTE\u00daDO COM ESTRAT\u00c9GIA?<\/div>\t\t\t\t<\/div>\n\t\t\t\t<div class=\"elementor-element elementor-element-98fe02f elementor-widget__width-initial elementor-widget elementor-widget-heading\" data-id=\"98fe02f\" data-element_type=\"widget\" data-widget_type=\"heading.default\">\n\t\t\t\t\t<h3 class=\"elementor-heading-title elementor-size-default\">Um v\u00eddeo bonito n\u00e3o basta.<\/h3>\t\t\t\t<\/div>\n\t\t\t\t<div class=\"elementor-element elementor-element-6e75046 elementor-widget__width-initial elementor-widget elementor-widget-heading\" data-id=\"6e75046\" data-element_type=\"widget\" data-widget_type=\"heading.default\">\n\t\t\t\t\t<div class=\"elementor-heading-title elementor-size-default\">Um v\u00eddeo ou fotografia pode impressionar, mas s\u00f3 converte quando \u00e9 pensado com prop\u00f3sito. Na Impulsionar, os conte\u00fados s\u00e3o parte da estrat\u00e9gia, n\u00e3o um extra. Gui\u00e3o, ritmo, tom, estrutura visual e edi\u00e7\u00e3o s\u00e3o criados para comunicar com o p\u00fablico certo, no momento certo.<\/div>\t\t\t\t<\/div>\n\t\t\t\t<\/div>\n\t\t\t\t\t<\/div>\n\t\t\t\t<\/div>\n\t\t<div class=\"elementor-element elementor-element-c513a8b e-flex e-con-boxed e-con e-child\" data-id=\"c513a8b\" data-element_type=\"container\" data-settings=\"{&quot;jet_parallax_layout_list&quot;:[]}\">\n\t\t\t\t\t<div class=\"e-con-inner\">\n\t\t\t\t<div class=\"elementor-element elementor-element-f257755 elementor-widget-divider--view-line elementor-widget elementor-widget-divider\" data-id=\"f257755\" data-element_type=\"widget\" data-widget_type=\"divider.default\">\n\t\t\t\t\t\t\t<div class=\"elementor-divider\">\n\t\t\t<span class=\"elementor-divider-separator\">\n\t\t\t\t\t\t<\/span>\n\t\t<\/div>\n\t\t\t\t\t\t<\/div>\n\t\t<div class=\"elementor-element elementor-element-557892c e-grid e-con-full e-con e-child\" data-id=\"557892c\" data-element_type=\"container\" data-settings=\"{&quot;jet_parallax_layout_list&quot;:[]}\">\n\t\t\t\t<div class=\"elementor-element elementor-element-2ce8651 elementor-widget elementor-widget-image\" data-id=\"2ce8651\" data-element_type=\"widget\" data-widget_type=\"image.default\">\n\t\t\t\t\t\t\t\t\t\t\t\t\t\t\t<img decoding=\"async\" width=\"99\" height=\"104\" src=\"https:\/\/impulsionar.wp.targx.io\/wp-content\/uploads\/2025\/11\/logo_icon.png\" class=\"attachment-full size-full wp-image-412\" alt=\"\" srcset=\"https:\/\/impulsionar.wp.targx.io\/wp-content\/uploads\/2025\/11\/logo_icon.png 99w, https:\/\/impulsionar.wp.targx.io\/wp-content\/uploads\/2025\/11\/logo_icon-11x12.png 11w\" sizes=\"(max-width: 99px) 100vw, 99px\" \/>\t\t\t\t\t\t\t\t\t\t\t\t\t\t\t<\/div>\n\t\t<div class=\"elementor-element elementor-element-6ed0862 e-con-full e-flex e-con e-child\" data-id=\"6ed0862\" data-element_type=\"container\" data-settings=\"{&quot;jet_parallax_layout_list&quot;:[]}\">\n\t\t\t\t<div class=\"elementor-element elementor-element-fc91417 elementor-widget elementor-widget-heading\" data-id=\"fc91417\" data-element_type=\"widget\" data-widget_type=\"heading.default\">\n\t\t\t\t\t<h3 class=\"elementor-heading-title elementor-size-default\">Produzimos conte\u00fados para performance digital.<\/h3>\t\t\t\t<\/div>\n\t\t\t\t<div class=\"elementor-element elementor-element-1b413b1 elementor-widget elementor-widget-heading\" data-id=\"1b413b1\" data-element_type=\"widget\" data-widget_type=\"heading.default\">\n\t\t\t\t\t<div class=\"elementor-heading-title elementor-size-default\">Tudo \u00e9 pensado para que o conte\u00fado funcione dentro da estrat\u00e9gia de performance.<\/div>\t\t\t\t<\/div>\n\t\t\t\t<\/div>\n\t\t\t\t<\/div>\n\t\t<div class=\"elementor-element elementor-element-afb8a49 e-grid e-con-boxed e-con e-child\" data-id=\"afb8a49\" data-element_type=\"container\" data-settings=\"{&quot;jet_parallax_layout_list&quot;:[]}\">\n\t\t\t\t\t<div class=\"e-con-inner\">\n\t\t<div class=\"elementor-element elementor-element-76bf43a e-con-full e-flex e-con e-child\" data-id=\"76bf43a\" data-element_type=\"container\" data-settings=\"{&quot;jet_parallax_layout_list&quot;:[]}\">\n\t\t\t\t<div class=\"elementor-element elementor-element-243c6ff elementor-widget elementor-widget-image\" data-id=\"243c6ff\" data-element_type=\"widget\" data-widget_type=\"image.default\">\n\t\t\t\t\t\t\t\t\t\t\t\t\t\t\t<img decoding=\"async\" width=\"131\" height=\"130\" src=\"https:\/\/impulsionar.wp.targx.io\/wp-content\/uploads\/2025\/11\/content_001.png\" class=\"attachment-full size-full wp-image-491\" alt=\"\" srcset=\"https:\/\/impulsionar.wp.targx.io\/wp-content\/uploads\/2025\/11\/content_001.png 131w, https:\/\/impulsionar.wp.targx.io\/wp-content\/uploads\/2025\/11\/content_001-12x12.png 12w\" sizes=\"(max-width: 131px) 100vw, 131px\" \/>\t\t\t\t\t\t\t\t\t\t\t\t\t\t\t<\/div>\n\t\t\t\t<div class=\"elementor-element elementor-element-3b831ad elementor-widget elementor-widget-heading\" data-id=\"3b831ad\" data-element_type=\"widget\" data-widget_type=\"heading.default\">\n\t\t\t\t\t<div class=\"elementor-heading-title elementor-size-default\">1. Gui\u00e3o e conceito criativo<\/div>\t\t\t\t<\/div>\n\t\t\t\t<div class=\"elementor-element elementor-element-20e01c7 elementor-widget elementor-widget-heading\" data-id=\"20e01c7\" data-element_type=\"widget\" data-widget_type=\"heading.default\">\n\t\t\t\t\t<div class=\"elementor-heading-title elementor-size-default\">Ideia, estrutura, narrativa, objetivos.<\/div>\t\t\t\t<\/div>\n\t\t\t\t<\/div>\n\t\t<div class=\"elementor-element elementor-element-50b8f49 e-con-full e-flex e-con e-child\" data-id=\"50b8f49\" data-element_type=\"container\" data-settings=\"{&quot;jet_parallax_layout_list&quot;:[]}\">\n\t\t\t\t<div class=\"elementor-element elementor-element-faf8e31 elementor-widget elementor-widget-image\" data-id=\"faf8e31\" data-element_type=\"widget\" data-widget_type=\"image.default\">\n\t\t\t\t\t\t\t\t\t\t\t\t\t\t\t<img decoding=\"async\" width=\"131\" height=\"130\" src=\"https:\/\/impulsionar.wp.targx.io\/wp-content\/uploads\/2025\/11\/content_002.png\" class=\"attachment-full size-full wp-image-490\" alt=\"\" srcset=\"https:\/\/impulsionar.wp.targx.io\/wp-content\/uploads\/2025\/11\/content_002.png 131w, https:\/\/impulsionar.wp.targx.io\/wp-content\/uploads\/2025\/11\/content_002-12x12.png 12w\" sizes=\"(max-width: 131px) 100vw, 131px\" \/>\t\t\t\t\t\t\t\t\t\t\t\t\t\t\t<\/div>\n\t\t\t\t<div class=\"elementor-element elementor-element-7b6035a elementor-widget elementor-widget-heading\" data-id=\"7b6035a\" data-element_type=\"widget\" data-widget_type=\"heading.default\">\n\t\t\t\t\t<div class=\"elementor-heading-title elementor-size-default\">2. Pr\u00e9-produ\u00e7\u00e3o<\/div>\t\t\t\t<\/div>\n\t\t\t\t<div class=\"elementor-element elementor-element-26100d4 elementor-widget elementor-widget-heading\" data-id=\"26100d4\" data-element_type=\"widget\" data-widget_type=\"heading.default\">\n\t\t\t\t\t<div class=\"elementor-heading-title elementor-size-default\">Planeamento, scouting, casting, agendamento.<\/div>\t\t\t\t<\/div>\n\t\t\t\t<\/div>\n\t\t<div class=\"elementor-element elementor-element-3665acd e-con-full e-flex e-con e-child\" data-id=\"3665acd\" data-element_type=\"container\" data-settings=\"{&quot;jet_parallax_layout_list&quot;:[]}\">\n\t\t\t\t<div class=\"elementor-element elementor-element-14e8960 elementor-widget elementor-widget-image\" data-id=\"14e8960\" data-element_type=\"widget\" data-widget_type=\"image.default\">\n\t\t\t\t\t\t\t\t\t\t\t\t\t\t\t<img loading=\"lazy\" decoding=\"async\" width=\"131\" height=\"130\" src=\"https:\/\/impulsionar.wp.targx.io\/wp-content\/uploads\/2025\/11\/content_003.png\" class=\"attachment-full size-full wp-image-489\" alt=\"\" srcset=\"https:\/\/impulsionar.wp.targx.io\/wp-content\/uploads\/2025\/11\/content_003.png 131w, https:\/\/impulsionar.wp.targx.io\/wp-content\/uploads\/2025\/11\/content_003-12x12.png 12w\" sizes=\"(max-width: 131px) 100vw, 131px\" \/>\t\t\t\t\t\t\t\t\t\t\t\t\t\t\t<\/div>\n\t\t\t\t<div class=\"elementor-element elementor-element-8d41db5 elementor-widget elementor-widget-heading\" data-id=\"8d41db5\" data-element_type=\"widget\" data-widget_type=\"heading.default\">\n\t\t\t\t\t<div class=\"elementor-heading-title elementor-size-default\">3. Capta\u00e7\u00e3o de v\u00eddeo e fotografia<\/div>\t\t\t\t<\/div>\n\t\t\t\t<div class=\"elementor-element elementor-element-60bb5df elementor-widget elementor-widget-heading\" data-id=\"60bb5df\" data-element_type=\"widget\" data-widget_type=\"heading.default\">\n\t\t\t\t\t<div class=\"elementor-heading-title elementor-size-default\">Filmagem, dire\u00e7\u00e3o de atores, som e luz.<\/div>\t\t\t\t<\/div>\n\t\t\t\t<\/div>\n\t\t<div class=\"elementor-element elementor-element-43e0655 e-con-full e-flex e-con e-child\" data-id=\"43e0655\" data-element_type=\"container\" data-settings=\"{&quot;jet_parallax_layout_list&quot;:[]}\">\n\t\t\t\t<div class=\"elementor-element elementor-element-3342282 elementor-widget elementor-widget-image\" data-id=\"3342282\" data-element_type=\"widget\" data-widget_type=\"image.default\">\n\t\t\t\t\t\t\t\t\t\t\t\t\t\t\t<img loading=\"lazy\" decoding=\"async\" width=\"131\" height=\"130\" src=\"https:\/\/impulsionar.wp.targx.io\/wp-content\/uploads\/2025\/11\/content_004.png\" class=\"attachment-full size-full wp-image-488\" alt=\"\" srcset=\"https:\/\/impulsionar.wp.targx.io\/wp-content\/uploads\/2025\/11\/content_004.png 131w, https:\/\/impulsionar.wp.targx.io\/wp-content\/uploads\/2025\/11\/content_004-12x12.png 12w\" sizes=\"(max-width: 131px) 100vw, 131px\" \/>\t\t\t\t\t\t\t\t\t\t\t\t\t\t\t<\/div>\n\t\t\t\t<div class=\"elementor-element elementor-element-4c396c7 elementor-widget elementor-widget-heading\" data-id=\"4c396c7\" data-element_type=\"widget\" data-widget_type=\"heading.default\">\n\t\t\t\t\t<div class=\"elementor-heading-title elementor-size-default\">4. Edi\u00e7\u00e3o e p\u00f3s-produ\u00e7\u00e3o<\/div>\t\t\t\t<\/div>\n\t\t\t\t<div class=\"elementor-element elementor-element-800bf3f elementor-widget elementor-widget-heading\" data-id=\"800bf3f\" data-element_type=\"widget\" data-widget_type=\"heading.default\">\n\t\t\t\t\t<div class=\"elementor-heading-title elementor-size-default\">Montagem, ritmo, motion graphics, legendas.<\/div>\t\t\t\t<\/div>\n\t\t\t\t<\/div>\n\t\t\t\t\t<\/div>\n\t\t\t\t<\/div>\n\t\t\t\t<div class=\"elementor-element elementor-element-2cac6c1 elementor-align-center elementor-widget elementor-widget-button\" data-id=\"2cac6c1\" data-element_type=\"widget\" data-widget_type=\"button.default\">\n\t\t\t\t\t\t\t\t\t\t<a class=\"elementor-button elementor-button-link elementor-size-sm\" href=\"#elementor-action%3Aaction%3Dpopup%3Aopen%26settings%3DeyJpZCI6IjgwOCIsInRvZ2dsZSI6ZmFsc2V9\">\n\t\t\t\t\t\t<span class=\"elementor-button-content-wrapper\">\n\t\t\t\t\t\t<span class=\"elementor-button-icon\">\n\t\t\t\t<svg xmlns=\"http:\/\/www.w3.org\/2000\/svg\" width=\"24\" height=\"24\" viewbox=\"0 0 24 24\" fill=\"none\"><g clip-path=\"url(#clip0_278_509)\"><path d=\"M7.5 4.5V6H16.9425L4.5 18.4425L5.5575 19.5L18 7.0575V16.5H19.5V4.5H7.5Z\" fill=\"#0A0A0A\"><\/path><\/g><defs><clippath id=\"clip0_278_509\"><rect width=\"24\" height=\"24\" fill=\"white\"><\/rect><\/clippath><\/defs><\/svg>\t\t\t<\/span>\n\t\t\t\t\t\t\t\t\t<span class=\"elementor-button-text\">Produza o seu pr\u00f3ximo conte\u00fado otimizado<\/span>\n\t\t\t\t\t<\/span>\n\t\t\t\t\t<\/a>\n\t\t\t\t\t\t\t\t<\/div>\n\t\t\t\t\t<\/div>\n\t\t\t\t<\/div>\n\t\t\t\t<\/div>\n\t\t<div class=\"elementor-element elementor-element-8067c43 e-con-full elementor-hidden-desktop elementor-hidden-tablet elementor-hidden-mobile e-flex e-con e-child\" data-id=\"8067c43\" data-element_type=\"container\" data-settings=\"{&quot;background_background&quot;:&quot;classic&quot;,&quot;jet_parallax_layout_list&quot;:[]}\">\n\t\t<div class=\"elementor-element elementor-element-a2ea4cf e-flex e-con-boxed e-con e-child\" data-id=\"a2ea4cf\" data-element_type=\"container\" data-settings=\"{&quot;jet_parallax_layout_list&quot;:[]}\">\n\t\t\t\t\t<div class=\"e-con-inner\">\n\t\t\t\t<div class=\"elementor-element elementor-element-c898bfd elementor-widget__width-initial elementor-widget elementor-widget-heading\" data-id=\"c898bfd\" data-element_type=\"widget\" data-widget_type=\"heading.default\">\n\t\t\t\t\t<h2 class=\"elementor-heading-title elementor-size-default\">Conte\u00fados que geraram leads, cliques e reconhecimento.<\/h2>\t\t\t\t<\/div>\n\t\t\t\t\t<\/div>\n\t\t\t\t<\/div>\n\t\t<div class=\"elementor-element elementor-element-1223def e-flex e-con-boxed e-con e-child\" data-id=\"1223def\" data-element_type=\"container\" data-settings=\"{&quot;jet_parallax_layout_list&quot;:[]}\">\n\t\t\t\t\t<div class=\"e-con-inner\">\n\t\t\t\t<div class=\"elementor-element elementor-element-4cd2ef5 elementor-widget elementor-widget-global elementor-global-801 elementor-widget-jet-listing-grid\" data-id=\"4cd2ef5\" data-element_type=\"widget\" data-settings=\"{&quot;columns_tablet&quot;:&quot;2&quot;,&quot;columns_mobile&quot;:&quot;1&quot;,&quot;columns&quot;:3}\" data-widget_type=\"jet-listing-grid.default\">\n\t\t\t\t\t<div class=\"jet-listing-grid jet-listing\"><div class=\"jet-listing-grid__items grid-col-desk-3 grid-col-tablet-2 grid-col-mobile-1 jet-listing-grid--773\" data-queried-id=\"140|WP_Post\" data-nav=\"{&quot;enabled&quot;:false,&quot;type&quot;:null,&quot;more_el&quot;:null,&quot;query&quot;:[],&quot;widget_settings&quot;:{&quot;lisitng_id&quot;:773,&quot;posts_num&quot;:6,&quot;columns&quot;:3,&quot;columns_tablet&quot;:2,&quot;columns_mobile&quot;:1,&quot;column_min_width&quot;:240,&quot;column_min_width_tablet&quot;:240,&quot;column_min_width_mobile&quot;:240,&quot;inline_columns_css&quot;:false,&quot;is_archive_template&quot;:&quot;&quot;,&quot;post_status&quot;:[&quot;publish&quot;],&quot;use_random_posts_num&quot;:&quot;&quot;,&quot;max_posts_num&quot;:9,&quot;not_found_message&quot;:&quot;No data was found&quot;,&quot;is_masonry&quot;:false,&quot;equal_columns_height&quot;:&quot;&quot;,&quot;use_load_more&quot;:&quot;&quot;,&quot;load_more_id&quot;:&quot;&quot;,&quot;load_more_type&quot;:&quot;click&quot;,&quot;load_more_offset&quot;:{&quot;unit&quot;:&quot;px&quot;,&quot;size&quot;:0,&quot;sizes&quot;:[]},&quot;use_custom_post_types&quot;:&quot;&quot;,&quot;custom_post_types&quot;:[],&quot;hide_widget_if&quot;:&quot;&quot;,&quot;carousel_enabled&quot;:&quot;&quot;,&quot;slides_to_scroll&quot;:&quot;1&quot;,&quot;arrows&quot;:&quot;true&quot;,&quot;arrow_icon&quot;:&quot;fa fa-angle-left&quot;,&quot;dots&quot;:&quot;&quot;,&quot;autoplay&quot;:&quot;true&quot;,&quot;pause_on_hover&quot;:&quot;true&quot;,&quot;autoplay_speed&quot;:5000,&quot;infinite&quot;:&quot;true&quot;,&quot;center_mode&quot;:&quot;&quot;,&quot;effect&quot;:&quot;slide&quot;,&quot;speed&quot;:500,&quot;inject_alternative_items&quot;:&quot;&quot;,&quot;injection_items&quot;:[],&quot;scroll_slider_enabled&quot;:&quot;&quot;,&quot;scroll_slider_on&quot;:[&quot;desktop&quot;,&quot;tablet&quot;,&quot;mobile&quot;],&quot;custom_query&quot;:false,&quot;custom_query_id&quot;:&quot;&quot;,&quot;_element_id&quot;:&quot;&quot;,&quot;collapse_first_last_gap&quot;:false,&quot;list_tag_selection&quot;:&quot;&quot;,&quot;list_items_wrapper_tag&quot;:&quot;div&quot;,&quot;list_item_tag&quot;:&quot;div&quot;,&quot;empty_items_wrapper_tag&quot;:&quot;div&quot;}}\" data-page=\"1\" data-pages=\"1\" data-listing-source=\"posts\" data-listing-id=\"773\" data-query-id=\"\"><div class=\"jet-listing-grid__item jet-listing-dynamic-post-760\" data-post-id=\"760\"  ><style type=\"text\/css\">.jet-listing-dynamic-post-760 .elementor-element.elementor-element-195cb79:not(.elementor-motion-effects-element-type-background), .jet-listing-dynamic-post-760 .elementor-element.elementor-element-195cb79 > .elementor-motion-effects-container > .elementor-motion-effects-layer{background-image:url(\"https:\/\/impulsionar.wp.targx.io\/wp-content\/uploads\/2025\/11\/dentart_thumb-1.jpg\");}<\/style>\t\t<div data-elementor-type=\"jet-listing-items\" data-elementor-id=\"773\" class=\"elementor elementor-773\" data-elementor-post-type=\"jet-engine\">\n\t\t\t\t\t\t<section class=\"elementor-section elementor-top-section elementor-element elementor-element-d75c8e8 elementor-section-boxed elementor-section-height-default elementor-section-height-default\" data-id=\"d75c8e8\" data-element_type=\"section\" data-settings=\"{&quot;jet_parallax_layout_list&quot;:[]}\">\n\t\t\t\t\t\t<div class=\"elementor-container elementor-column-gap-default\">\n\t\t\t\t\t<div class=\"elementor-column elementor-col-100 elementor-top-column elementor-element elementor-element-31b3d2a\" data-id=\"31b3d2a\" data-element_type=\"column\" data-settings=\"{&quot;background_background&quot;:&quot;classic&quot;}\">\n\t\t\t<div class=\"elementor-widget-wrap elementor-element-populated\">\n\t\t\t\t<a class=\"elementor-element elementor-element-195cb79 e-flex e-con-boxed e-con e-parent\" data-id=\"195cb79\" data-element_type=\"container\" data-settings=\"{&quot;background_background&quot;:&quot;classic&quot;,&quot;jet_parallax_layout_list&quot;:[]}\" href=\"https:\/\/impulsionar.wp.targx.io\/en\/portfolio\/dentart\/\">\n\t\t\t\t\t<div class=\"e-con-inner\">\n\t\t\t\t<div class=\"elementor-element elementor-element-938fc26 elementor-widget elementor-widget-heading\" data-id=\"938fc26\" data-element_type=\"widget\" data-widget_type=\"heading.default\">\n\t\t\t\t\t<div class=\"elementor-heading-title elementor-size-default\">+3,2%<\/div>\t\t\t\t<\/div>\n\t\t\t\t<div class=\"elementor-element elementor-element-8b92833 elementor-widget elementor-widget-heading\" data-id=\"8b92833\" data-element_type=\"widget\" data-widget_type=\"heading.default\">\n\t\t\t\t\t<div class=\"elementor-heading-title elementor-size-default\">Convers\u00e3o em 4 semanas<\/div>\t\t\t\t<\/div>\n\t\t\t\t\t<\/div>\n\t\t\t\t<\/a>\n\t\t<a class=\"elementor-element elementor-element-9f903fc e-flex e-con-boxed e-con e-parent\" data-id=\"9f903fc\" data-element_type=\"container\" data-settings=\"{&quot;jet_parallax_layout_list&quot;:[]}\">\n\t\t\t\t\t<div class=\"e-con-inner\">\n\t\t\t\t<div class=\"elementor-element elementor-element-90126cf elementor-widget elementor-widget-heading\" data-id=\"90126cf\" data-element_type=\"widget\" data-widget_type=\"heading.default\">\n\t\t\t\t\t<h3 class=\"elementor-heading-title elementor-size-default\"><a href=\"https:\/\/impulsionar.wp.targx.io\/en\/portfolio\/dentart\/\">Landing Page Dentart<\/a><\/h3>\t\t\t\t<\/div>\n\t\t\t\t\t<\/div>\n\t\t\t\t<\/a>\n\t\t\t\t\t<\/div>\n\t\t<\/div>\n\t\t\t\t\t<\/div>\n\t\t<\/section>\n\t\t\t\t<\/div>\n\t\t<\/div><\/div><\/div>\t\t\t\t<\/div>\n\t\t\t\t\t<\/div>\n\t\t\t\t<\/div>\n\t\t\t\t<div class=\"elementor-element elementor-element-0f011fe elementor-align-center elementor-widget elementor-widget-button\" data-id=\"0f011fe\" data-element_type=\"widget\" data-widget_type=\"button.default\">\n\t\t\t\t\t\t\t\t\t\t<a class=\"elementor-button elementor-button-link elementor-size-sm\" href=\"#\">\n\t\t\t\t\t\t<span class=\"elementor-button-content-wrapper\">\n\t\t\t\t\t\t<span class=\"elementor-button-icon\">\n\t\t\t\t<svg xmlns=\"http:\/\/www.w3.org\/2000\/svg\" width=\"24\" height=\"24\" viewbox=\"0 0 24 24\" fill=\"none\"><g clip-path=\"url(#clip0_278_509)\"><path d=\"M7.5 4.5V6H16.9425L4.5 18.4425L5.5575 19.5L18 7.0575V16.5H19.5V4.5H7.5Z\" fill=\"#0A0A0A\"><\/path><\/g><defs><clippath id=\"clip0_278_509\"><rect width=\"24\" height=\"24\" fill=\"white\"><\/rect><\/clippath><\/defs><\/svg>\t\t\t<\/span>\n\t\t\t\t\t\t\t\t\t<span class=\"elementor-button-text\">Ver Portf\u00f3lio completo<\/span>\n\t\t\t\t\t<\/span>\n\t\t\t\t\t<\/a>\n\t\t\t\t\t\t\t\t<\/div>\n\t\t\t\t<\/div>\n\t\t<div class=\"elementor-element elementor-element-cb929b9 e-con-full e-flex e-con e-parent\" data-id=\"cb929b9\" data-element_type=\"container\" data-settings=\"{&quot;background_background&quot;:&quot;classic&quot;,&quot;jet_parallax_layout_list&quot;:[]}\">\n\t\t\t\t<div class=\"elementor-element elementor-element-6b1b86d elementor-widget-divider--view-line elementor-widget elementor-widget-divider\" data-id=\"6b1b86d\" data-element_type=\"widget\" data-widget_type=\"divider.default\">\n\t\t\t\t\t\t\t<div class=\"elementor-divider\">\n\t\t\t<span class=\"elementor-divider-separator\">\n\t\t\t\t\t\t<\/span>\n\t\t<\/div>\n\t\t\t\t\t\t<\/div>\n\t\t\t\t<\/div>\n\t\t<div class=\"elementor-element elementor-element-9ec3f5a e-con-full e-flex e-con e-parent\" data-id=\"9ec3f5a\" data-element_type=\"container\" data-settings=\"{&quot;background_background&quot;:&quot;classic&quot;,&quot;jet_parallax_layout_list&quot;:[]}\">\n\t\t<div class=\"elementor-element elementor-element-cc87fe2 e-flex e-con-boxed e-con e-child\" data-id=\"cc87fe2\" data-element_type=\"container\" data-settings=\"{&quot;jet_parallax_layout_list&quot;:[]}\">\n\t\t\t\t\t<div class=\"e-con-inner\">\n\t\t<div class=\"elementor-element elementor-element-b7d751c e-con-full e-flex e-con e-child\" data-id=\"b7d751c\" data-element_type=\"container\" data-settings=\"{&quot;jet_parallax_layout_list&quot;:[]}\">\n\t\t<div class=\"elementor-element elementor-element-7ae9320 e-con-full e-flex e-con e-child\" data-id=\"7ae9320\" data-element_type=\"container\" data-settings=\"{&quot;jet_parallax_layout_list&quot;:[]}\">\n\t\t\t\t<div class=\"elementor-element elementor-element-867d97a elementor-widget elementor-widget-heading\" data-id=\"867d97a\" data-element_type=\"widget\" data-widget_type=\"heading.default\">\n\t\t\t\t\t<div class=\"elementor-heading-title elementor-size-default\">COMO COLABORAMOS<\/div>\t\t\t\t<\/div>\n\t\t\t\t<div class=\"elementor-element elementor-element-ea6ba24 elementor-widget__width-initial elementor-widget elementor-widget-heading\" data-id=\"ea6ba24\" data-element_type=\"widget\" data-widget_type=\"heading.default\">\n\t\t\t\t\t<h3 class=\"elementor-heading-title elementor-size-default\">Criatividade com m\u00e9todo.<\/h3>\t\t\t\t<\/div>\n\t\t\t\t<div class=\"elementor-element elementor-element-d9b3e69 elementor-widget elementor-widget-heading\" data-id=\"d9b3e69\" data-element_type=\"widget\" data-widget_type=\"heading.default\">\n\t\t\t\t\t<div class=\"elementor-heading-title elementor-size-default\">Trabalhamos de forma colaborativa, com envolvimento directo dos clientes em todas as fases. Guiamos o processo com clareza, foco e exig\u00eancia para garantir que o resultado comunica, emociona e converte.<\/div>\t\t\t\t<\/div>\n\t\t\t\t<\/div>\n\t\t\t\t<\/div>\n\t\t<div class=\"elementor-element elementor-element-4721328 e-con-full e-flex e-con e-child\" data-id=\"4721328\" data-element_type=\"container\" data-settings=\"{&quot;jet_parallax_layout_list&quot;:[]}\">\n\t\t\t\t<div class=\"elementor-element elementor-element-26f1f77 elementor-widget elementor-widget-image\" data-id=\"26f1f77\" data-element_type=\"widget\" data-widget_type=\"image.default\">\n\t\t\t\t\t\t\t\t\t\t\t\t\t\t\t<img loading=\"lazy\" decoding=\"async\" width=\"672\" height=\"672\" src=\"https:\/\/impulsionar.wp.targx.io\/wp-content\/uploads\/2025\/11\/content_005.png\" class=\"attachment-full size-full wp-image-495\" alt=\"\" srcset=\"https:\/\/impulsionar.wp.targx.io\/wp-content\/uploads\/2025\/11\/content_005.png 672w, https:\/\/impulsionar.wp.targx.io\/wp-content\/uploads\/2025\/11\/content_005-300x300.png 300w, https:\/\/impulsionar.wp.targx.io\/wp-content\/uploads\/2025\/11\/content_005-150x150.png 150w, https:\/\/impulsionar.wp.targx.io\/wp-content\/uploads\/2025\/11\/content_005-12x12.png 12w\" sizes=\"(max-width: 672px) 100vw, 672px\" \/>\t\t\t\t\t\t\t\t\t\t\t\t\t\t\t<\/div>\n\t\t\t\t<\/div>\n\t\t\t\t\t<\/div>\n\t\t\t\t<\/div>\n\t\t\t\t<\/div>\n\t\t\t\t<\/div>","protected":false},"excerpt":{"rendered":"<p>PORQU\u00ca CONTE\u00daDO COM ESTRAT\u00c9GIA? Um v\u00eddeo bonito n\u00e3o basta. Um v\u00eddeo ou fotografia pode impressionar, mas s\u00f3 converte quando \u00e9 pensado com prop\u00f3sito. Na Impulsionar, os conte\u00fados s\u00e3o parte da estrat\u00e9gia, n\u00e3o um extra. Gui\u00e3o, ritmo, tom, estrutura visual e edi\u00e7\u00e3o s\u00e3o criados para comunicar com o p\u00fablico certo, no momento certo. Produzimos conte\u00fados para [&hellip;]<\/p>","protected":false},"author":1,"featured_media":0,"parent":0,"menu_order":0,"comment_status":"closed","ping_status":"closed","template":"elementor_theme","meta":{"footnotes":""},"class_list":["post-140","page","type-page","status-publish","hentry"],"_links":{"self":[{"href":"https:\/\/impulsionar.wp.targx.io\/en\/wp-json\/wp\/v2\/pages\/140","targetHints":{"allow":["GET"]}}],"collection":[{"href":"https:\/\/impulsionar.wp.targx.io\/en\/wp-json\/wp\/v2\/pages"}],"about":[{"href":"https:\/\/impulsionar.wp.targx.io\/en\/wp-json\/wp\/v2\/types\/page"}],"author":[{"embeddable":true,"href":"https:\/\/impulsionar.wp.targx.io\/en\/wp-json\/wp\/v2\/users\/1"}],"replies":[{"embeddable":true,"href":"https:\/\/impulsionar.wp.targx.io\/en\/wp-json\/wp\/v2\/comments?post=140"}],"version-history":[{"count":19,"href":"https:\/\/impulsionar.wp.targx.io\/en\/wp-json\/wp\/v2\/pages\/140\/revisions"}],"predecessor-version":[{"id":1068,"href":"https:\/\/impulsionar.wp.targx.io\/en\/wp-json\/wp\/v2\/pages\/140\/revisions\/1068"}],"wp:attachment":[{"href":"https:\/\/impulsionar.wp.targx.io\/en\/wp-json\/wp\/v2\/media?parent=140"}],"curies":[{"name":"wp","href":"https:\/\/api.w.org\/{rel}","templated":true}]}}