{"id":3,"date":"2025-08-15T00:42:35","date_gmt":"2025-08-15T00:42:35","guid":{"rendered":"https:\/\/impulsionar.wp.targx.io\/?page_id=3"},"modified":"2025-11-26T22:57:49","modified_gmt":"2025-11-26T22:57:49","slug":"politica-privacidade","status":"publish","type":"page","link":"https:\/\/impulsionar.wp.targx.io\/en\/politica-privacidade\/","title":{"rendered":"Pol\u00edtica de privacidade"},"content":{"rendered":"<div data-elementor-type=\"wp-page\" data-elementor-id=\"3\" class=\"elementor elementor-3\" data-elementor-post-type=\"page\">\n\t\t\t\t<div class=\"elementor-element elementor-element-68869d7a e-flex e-con-boxed e-con e-parent\" data-id=\"68869d7a\" data-element_type=\"container\" data-settings=\"{&quot;jet_parallax_layout_list&quot;:[]}\">\n\t\t\t\t\t<div class=\"e-con-inner\">\n\t\t\t\t<div class=\"elementor-element elementor-element-2d2d49f1 elementor-widget elementor-widget-text-editor\" data-id=\"2d2d49f1\" data-element_type=\"widget\" data-widget_type=\"text-editor.default\">\n\t\t\t\t\t\t\t\t\t<p class=\"my-2 overflow-hidden break-words leading-relaxed first-of-type:mt-0 last-of-type:mb-0\" data-hk=\"000000010000000a1000014100005000\">A sua privacidade \u00e9 importante para n\u00f3s. \u00c9 pol\u00edtica da impulsionar respeitar a sua privacidade em rela\u00e7\u00e3o a qualquer informa\u00e7\u00e3o sua que possamos recolher no site\u00a0<a class=\"cursor-pointer underline transition-colors duration-300 ease-in-out hover:text-brand-primary-500\" href=\"https:\/\/impulsionar.pt\/\" data-hk=\"000000010000000a100001410000500110500\" target=\"_blank\" rel=\"noopener\">impulsionar<\/a>.<\/p>\n<p class=\"my-2 overflow-hidden break-words leading-relaxed first-of-type:mt-0 last-of-type:mb-0\" data-hk=\"000000010000000a1000014100105000\">Solicitamos informa\u00e7\u00f5es pessoais apenas quando realmente precisamos delas para lhe fornecer um servi\u00e7o.<\/p>\n<p class=\"my-2 overflow-hidden break-words leading-relaxed first-of-type:mt-0 last-of-type:mb-0\" data-hk=\"000000010000000a1000014100205000\">Fazemo-lo por meios justos e legais, com o seu conhecimento e consentimento. Tamb\u00e9m informamos por que estamos a recolher dados e como ser\u00e3o usados.<\/p>\n<p class=\"my-2 overflow-hidden break-words leading-relaxed first-of-type:mt-0 last-of-type:mb-0\" data-hk=\"000000010000000a1000014100305000\">Apenas retemos as informa\u00e7\u00f5es recolhidas pelo tempo necess\u00e1rio para fornecer o servi\u00e7o solicitado. Quando armazenamos dados, protegemos os mesmos, dentro de meios comercialmente aceit\u00e1veis para evitar perdas e roubos, bem como acesso, divulga\u00e7\u00e3o, c\u00f3pia, uso ou modifica\u00e7\u00e3o n\u00e3o autorizados.<\/p>\n<p class=\"my-2 overflow-hidden break-words leading-relaxed first-of-type:mt-0 last-of-type:mb-0\" data-hk=\"000000010000000a1000014100405000\">N\u00e3o compartilhamos informa\u00e7\u00f5es de identifica\u00e7\u00e3o pessoal publicamente ou com terceiros, exceto quando exigido por lei.<\/p>\n<p class=\"my-2 overflow-hidden break-words leading-relaxed first-of-type:mt-0 last-of-type:mb-0\" data-hk=\"000000010000000a1000014100505000\">O nosso site pode ter links para sites externos que n\u00e3o s\u00e3o operados por n\u00f3s. Esteja ciente de que n\u00e3o temos controle sobre o conte\u00fado e pr\u00e1ticas desses sites e n\u00e3o podemos aceitar responsabilidade pelas pol\u00edticas de privacidade dos mesmos.<\/p>\n<p class=\"my-2 overflow-hidden break-words leading-relaxed first-of-type:mt-0 last-of-type:mb-0\" data-hk=\"000000010000000a1000014100605000\">Como utilizador \u00e9 livre para recusar a nossa solicita\u00e7\u00e3o de informa\u00e7\u00f5es pessoais.<\/p>\n<p class=\"my-2 overflow-hidden break-words leading-relaxed first-of-type:mt-0 last-of-type:mb-0\" data-hk=\"000000010000000a1000014100705000\">O uso continuado do nosso site ser\u00e1 considerado como aceita\u00e7\u00e3o das nossas pr\u00e1ticas em torno da privacidade e informa\u00e7\u00f5es pessoais. Se tiver alguma d\u00favida sobre como movimentamos os seus dados e informa\u00e7\u00f5es pessoais, entre em contacto connosco.<\/p>\n<p class=\"my-2 overflow-hidden break-words leading-relaxed first-of-type:mt-0 last-of-type:mb-0\" data-hk=\"000000010000000a1000014100805000\">\u00a0<\/p>\n<h3>Pol\u00edtica de Cookies<\/h3>\n<h4>O que s\u00e3o cookies?<\/h4>\n<p class=\"my-2 overflow-hidden break-words leading-relaxed first-of-type:mt-0 last-of-type:mb-0\" data-hk=\"000000010000000a1000014100a1105000\">Como \u00e9 pr\u00e1tica comum em quase todos os sites profissionais, este site usa cookies, que s\u00e3o pequenos arquivos baixados no seu computador, para melhorar sua experi\u00eancia. Esta p\u00e1gina descreve quais informa\u00e7\u00f5es eles recolhem, como as usamos e por que \u00e9 necess\u00e1rio por vezes armazenar esses cookies.<\/p>\n<h4>Como usamos os cookies?<\/h4>\n<p class=\"my-2 overflow-hidden break-words leading-relaxed first-of-type:mt-0 last-of-type:mb-0\" data-hk=\"000000010000000a1000014100a1305000\">Utilizamos cookies por v\u00e1rios motivos, detalhados abaixo. Infelizmente, na maioria dos casos, n\u00e3o existem op\u00e7\u00f5es padr\u00e3o do setor para desativar os cookies sem desativar completamente a funcionalidade e os recursos que eles adicionam a este site. \u00c9 recomend\u00e1vel que deixe todos os cookies se n\u00e3o tiver certeza se precisa ou n\u00e3o deles, caso sejam usados para fornecer um servi\u00e7o que utiliza.<\/p>\n<h4>Como desativar os cookies?<\/h4>\n<p class=\"my-2 overflow-hidden break-words leading-relaxed first-of-type:mt-0 last-of-type:mb-0\" data-hk=\"000000010000000a1000014100a1505000\">Pode impedir a configura\u00e7\u00e3o de cookies ajustando as configura\u00e7\u00f5es do seu navegador. Esteja ciente de que a desativa\u00e7\u00e3o de cookies afretar\u00e1 a funcionalidade deste e de muitos outros sites que visita. A desactiva\u00e7\u00e3o de cookies geralmente resulta na desativa\u00e7\u00e3o de determinadas funcionalidades e recursos deste site. Portanto, \u00e9 recomend\u00e1vel que n\u00e3o desative os cookies.<\/p>\n<h4 class=\"mt-4 mb-2 font-bold text-xl\" data-hk=\"000000010000000a1000014100a1605000\">Cookies relacionados a formul\u00e1rios<\/h4>\n<p class=\"my-2 overflow-hidden break-words leading-relaxed first-of-type:mt-0 last-of-type:mb-0\" data-hk=\"000000010000000a1000014100a1705000\">Quando envia dados por meio de um formul\u00e1rio como os encontrados nas p\u00e1ginas de contacto, os cookies podem ser configurados para lembrar os detalhes do usu\u00e1rio para envio de informa\u00e7\u00e3o no futuro.<\/p>\t\t\t\t\t\t\t\t<\/div>\n\t\t\t\t\t<\/div>\n\t\t\t\t<\/div>\n\t\t\t\t<\/div>","protected":false},"excerpt":{"rendered":"<p>A sua privacidade \u00e9 importante para n\u00f3s. \u00c9 pol\u00edtica da impulsionar respeitar a sua privacidade em rela\u00e7\u00e3o a qualquer informa\u00e7\u00e3o sua que possamos recolher no site\u00a0impulsionar. Solicitamos informa\u00e7\u00f5es pessoais apenas quando realmente precisamos delas para lhe fornecer um servi\u00e7o. Fazemo-lo por meios justos e legais, com o seu conhecimento e consentimento. Tamb\u00e9m informamos por que [&hellip;]<\/p>","protected":false},"author":1,"featured_media":0,"parent":0,"menu_order":0,"comment_status":"closed","ping_status":"open","template":"elementor_theme","meta":{"footnotes":""},"class_list":["post-3","page","type-page","status-publish","hentry"],"_links":{"self":[{"href":"https:\/\/impulsionar.wp.targx.io\/en\/wp-json\/wp\/v2\/pages\/3","targetHints":{"allow":["GET"]}}],"collection":[{"href":"https:\/\/impulsionar.wp.targx.io\/en\/wp-json\/wp\/v2\/pages"}],"about":[{"href":"https:\/\/impulsionar.wp.targx.io\/en\/wp-json\/wp\/v2\/types\/page"}],"author":[{"embeddable":true,"href":"https:\/\/impulsionar.wp.targx.io\/en\/wp-json\/wp\/v2\/users\/1"}],"replies":[{"embeddable":true,"href":"https:\/\/impulsionar.wp.targx.io\/en\/wp-json\/wp\/v2\/comments?post=3"}],"version-history":[{"count":7,"href":"https:\/\/impulsionar.wp.targx.io\/en\/wp-json\/wp\/v2\/pages\/3\/revisions"}],"predecessor-version":[{"id":1118,"href":"https:\/\/impulsionar.wp.targx.io\/en\/wp-json\/wp\/v2\/pages\/3\/revisions\/1118"}],"wp:attachment":[{"href":"https:\/\/impulsionar.wp.targx.io\/en\/wp-json\/wp\/v2\/media?parent=3"}],"curies":[{"name":"wp","href":"https:\/\/api.w.org\/{rel}","templated":true}]}}